{"id":250,"date":"2013-04-23T09:22:22","date_gmt":"2013-04-23T07:22:22","guid":{"rendered":"http:\/\/www.neve.at\/bl-loek\/?page_id=250"},"modified":"2020-02-02T18:49:27","modified_gmt":"2020-02-02T16:49:27","slug":"olpreis","status":"publish","type":"page","link":"https:\/\/www.neve.at\/bl-loek\/","title":{"rendered":"Aktueller Roh\u00f6lpreis"},"content":{"rendered":"<p><a href=\"https:\/\/www.neve.at\/bl-loek\/wp-content\/uploads\/2013\/04\/G2-adds-8-1.jpg\"><img loading=\"lazy\" class=\"alignleft size-thumbnail wp-image-348\" title=\"Tar Mine and Roads\" src=\"https:\/\/www.neve.at\/bl-loek\/wp-content\/uploads\/2013\/04\/G2-adds-8-1-150x150.jpg\" alt=\"\" width=\"150\" height=\"150\"><\/a><\/p>\n<p>Billiges \u00d6l war das absolute Schmiermittel unserer heutigen Wirtschaft. Sein Preis lag bis zum Ende des 20. Jahrhunderts bei nicht mehr als 20 $ pro Barrel (159 Liter) und erm\u00f6glichte damit unsere extravagante \u00dcberflussgesellschaft. Seit dem Millenniumwechsel ist der Preis &#8211; durch eine st\u00e4ndig wachsende Nachfrage aus den Nicht-OECD L\u00e4ndern &#8211; mehr als verf\u00fcnffacht und es gelangt immer mehr (\u00d6l)Sand in das Weltwirtschaftsgetriebe.<br><br class=\"spacer\"><\/p>\n<table>\n<tbody>\n<tr>\n<td align=\"middle\" width=\"300\"><script src=\"http:\/\/www.oil-price.net\/TABLE2\/gen.php?lang=de\" type=\"text\/javascript\"><\/script><\/td>\n<td align=\"middle\" width=\"300\"><script src=\"http:\/\/www.oil-price.net\/widgets\/brent_crude_price_large\/gen.php?lang=de\" type=\"text\/javascript\"><\/script><\/td>\n<\/tr>\n<\/tbody>\n<\/table>\n<p style=\"text-align: center;\">F\u00fcr mehr Preisanalysen:<a href=\"http:\/\/www.tecson.de\/oelweltmarkt.html\" target=\"blank\" rel=\"noopener noreferrer\"> Tecson.de Webseite<\/a><\/p>\n\n\n<p><\/p>\n","protected":false},"excerpt":{"rendered":"<p>Billiges \u00d6l war das absolute Schmiermittel unserer heutigen Wirtschaft. Sein Preis lag bis zum Ende des 20. Jahrhunderts bei nicht mehr als 20 $ pro Barrel (159 Liter) und erm\u00f6glichte damit unsere extravagante \u00dcberflussgesellschaft. Seit dem Millenniumwechsel ist der Preis &#8211; durch eine st\u00e4ndig wachsende Nachfrage aus den Nicht-OECD L\u00e4ndern &#8211; mehr als verf\u00fcnffacht und [&hellip;]<\/p>\n","protected":false},"author":1,"featured_media":0,"parent":0,"menu_order":4,"comment_status":"closed","ping_status":"closed","template":"","meta":[],"_links":{"self":[{"href":"https:\/\/www.neve.at\/bl-loek\/index.php?rest_route=\/wp\/v2\/pages\/250"}],"collection":[{"href":"https:\/\/www.neve.at\/bl-loek\/index.php?rest_route=\/wp\/v2\/pages"}],"about":[{"href":"https:\/\/www.neve.at\/bl-loek\/index.php?rest_route=\/wp\/v2\/types\/page"}],"author":[{"embeddable":true,"href":"https:\/\/www.neve.at\/bl-loek\/index.php?rest_route=\/wp\/v2\/users\/1"}],"replies":[{"embeddable":true,"href":"https:\/\/www.neve.at\/bl-loek\/index.php?rest_route=%2Fwp%2Fv2%2Fcomments&post=250"}],"version-history":[{"count":25,"href":"https:\/\/www.neve.at\/bl-loek\/index.php?rest_route=\/wp\/v2\/pages\/250\/revisions"}],"predecessor-version":[{"id":697,"href":"https:\/\/www.neve.at\/bl-loek\/index.php?rest_route=\/wp\/v2\/pages\/250\/revisions\/697"}],"wp:attachment":[{"href":"https:\/\/www.neve.at\/bl-loek\/index.php?rest_route=%2Fwp%2Fv2%2Fmedia&parent=250"}],"curies":[{"name":"wp","href":"https:\/\/api.w.org\/{rel}","templated":true}]}}