{"id":316,"date":"2013-04-28T22:32:59","date_gmt":"2013-04-28T20:32:59","guid":{"rendered":"http:\/\/www.neve.at\/bl-loek\/?page_id=316"},"modified":"2020-02-02T18:41:28","modified_gmt":"2020-02-02T16:41:28","slug":"ich-uber-mich","status":"publish","type":"page","link":"https:\/\/www.neve.at\/bl-loek\/?page_id=316","title":{"rendered":"Ich \u00fcber mich"},"content":{"rendered":"<p><img loading=\"lazy\" src=\"https:\/\/www.neve.at\/bl-loek\/wp-content\/uploads\/2013\/04\/IMG_4603.jpg\" alt=\"\" title=\"loek neve\" width=\"145\" height=\"180\" class=\"alignleft size-full wp-image-341\"><br \/>\nIch bin:<br \/>\n<br class=\"spacer\"><\/p>\n<h6>Gerardus Lodevikus Willibrordus Neve<\/h6>\n<p><br class=\"spacer\"><br \/>\n\ud83d\ude09 &#8230;.deswegen nennt mann mich kurz und b\u00fcndig &#8222;Loek&#8220;<\/p>\n<p>Zwischen meiner Geburt vor mehr als 70 Jahren in den Niederlanden und meiner Niederlassung in den Vorarlberger Alpen in \u00d6sterreich vor mehr als 15 Jahre erlebte ich ein interessantes Berufsleben als metallurgischer Diplom-Ingenieur (FH), spezialisiert in der W\u00e4rmebehandlung von Luft- und Raumfahrtlegierungen. Viele Berufsreisen f\u00fcr Firmen in den Niederlanden, Deutschland, \u00d6sterreich und Belgien f\u00fchrten mich quer durch West- und Osteuropa und mehrmals in die Vereinigten Staaten und nach Japan.<\/p>\n<p>Auf diesen Seiten zeige ich &#8211; freibleibend und unvollst\u00e4ndig &#8211; eine kleine Auswahl aus zwei meiner jetzigen Interessenfelder &#8211; das Fotografieren einerseits und meine Sorgen rund einer entgleisenden Globalisierung anderseits.<\/p>\n","protected":false},"excerpt":{"rendered":"<p>Ich bin: Gerardus Lodevikus Willibrordus Neve \ud83d\ude09 &#8230;.deswegen nennt mann mich kurz und b\u00fcndig &#8222;Loek&#8220; Zwischen meiner Geburt vor mehr als 70 Jahren in den Niederlanden und meiner Niederlassung in den Vorarlberger Alpen in \u00d6sterreich vor mehr als 15 Jahre erlebte ich ein interessantes Berufsleben als metallurgischer Diplom-Ingenieur (FH), spezialisiert in der W\u00e4rmebehandlung von Luft- [&hellip;]<\/p>\n","protected":false},"author":1,"featured_media":0,"parent":0,"menu_order":0,"comment_status":"closed","ping_status":"closed","template":"","meta":[],"_links":{"self":[{"href":"https:\/\/www.neve.at\/bl-loek\/index.php?rest_route=\/wp\/v2\/pages\/316"}],"collection":[{"href":"https:\/\/www.neve.at\/bl-loek\/index.php?rest_route=\/wp\/v2\/pages"}],"about":[{"href":"https:\/\/www.neve.at\/bl-loek\/index.php?rest_route=\/wp\/v2\/types\/page"}],"author":[{"embeddable":true,"href":"https:\/\/www.neve.at\/bl-loek\/index.php?rest_route=\/wp\/v2\/users\/1"}],"replies":[{"embeddable":true,"href":"https:\/\/www.neve.at\/bl-loek\/index.php?rest_route=%2Fwp%2Fv2%2Fcomments&post=316"}],"version-history":[{"count":19,"href":"https:\/\/www.neve.at\/bl-loek\/index.php?rest_route=\/wp\/v2\/pages\/316\/revisions"}],"predecessor-version":[{"id":710,"href":"https:\/\/www.neve.at\/bl-loek\/index.php?rest_route=\/wp\/v2\/pages\/316\/revisions\/710"}],"wp:attachment":[{"href":"https:\/\/www.neve.at\/bl-loek\/index.php?rest_route=%2Fwp%2Fv2%2Fmedia&parent=316"}],"curies":[{"name":"wp","href":"https:\/\/api.w.org\/{rel}","templated":true}]}}